{"id":986,"date":"2018-12-14T11:28:45","date_gmt":"2018-12-14T11:28:45","guid":{"rendered":"https:\/\/www.ibertech.org\/?page_id=986"},"modified":"2024-09-19T07:29:51","modified_gmt":"2024-09-19T07:29:51","slug":"politica-de-calidad","status":"publish","type":"page","link":"https:\/\/www.ibertech.org\/en\/politica-de-calidad\/","title":{"rendered":"Politica de calidad"},"content":{"rendered":"\t\t<div data-elementor-type=\"wp-page\" data-elementor-id=\"986\" class=\"elementor elementor-986\">\n\t\t\t\t\t\t\t\t\t<section class=\"elementor-section elementor-top-section elementor-element elementor-element-3502275 elementor-section-boxed elementor-section-height-default elementor-section-height-default\" data-id=\"3502275\" data-element_type=\"section\">\n\t\t\t\t\t\t<div class=\"elementor-container elementor-column-gap-default\">\n\t\t\t\t\t<div class=\"elementor-column elementor-col-100 elementor-top-column elementor-element elementor-element-ccf9627\" data-id=\"ccf9627\" data-element_type=\"column\">\n\t\t\t<div class=\"elementor-widget-wrap elementor-element-populated\">\n\t\t\t\t\t\t\t\t<div class=\"elementor-element elementor-element-341b9cf elementor-widget elementor-widget-image\" data-id=\"341b9cf\" data-element_type=\"widget\" data-widget_type=\"image.default\">\n\t\t\t\t<div class=\"elementor-widget-container\">\n\t\t\t<style>\/*! elementor - v3.6.0 - 21-03-2022 *\/\n.elementor-widget-image{text-align:center}.elementor-widget-image a{display:inline-block}.elementor-widget-image a img[src$=\".svg\"]{width:48px}.elementor-widget-image img{vertical-align:middle;display:inline-block}<\/style>\t\t\t\t\t\t\t\t\t\t\t\t<img width=\"497\" height=\"362\" src=\"https:\/\/www.ibertech.org\/wp-content\/uploads\/2024\/09\/politica.jpg\" class=\"attachment-large size-large\" alt=\"politica de calidad\" loading=\"lazy\" srcset=\"https:\/\/www.ibertech.org\/wp-content\/uploads\/2024\/09\/politica.jpg 497w, https:\/\/www.ibertech.org\/wp-content\/uploads\/2024\/09\/politica-300x219.jpg 300w\" sizes=\"(max-width: 497px) 100vw, 497px\" \/>\t\t\t\t\t\t\t\t\t\t\t\t\t\t\t<\/div>\n\t\t\t\t<\/div>\n\t\t\t\t<div class=\"elementor-element elementor-element-b445772 elementor-widget elementor-widget-text-editor\" data-id=\"b445772\" data-element_type=\"widget\" data-widget_type=\"text-editor.default\">\n\t\t\t\t<div class=\"elementor-widget-container\">\n\t\t\t<style>\/*! elementor - v3.6.0 - 21-03-2022 *\/\n.elementor-widget-text-editor.elementor-drop-cap-view-stacked .elementor-drop-cap{background-color:#818a91;color:#fff}.elementor-widget-text-editor.elementor-drop-cap-view-framed .elementor-drop-cap{color:#818a91;border:3px solid;background-color:transparent}.elementor-widget-text-editor:not(.elementor-drop-cap-view-default) .elementor-drop-cap{margin-top:8px}.elementor-widget-text-editor:not(.elementor-drop-cap-view-default) .elementor-drop-cap-letter{width:1em;height:1em}.elementor-widget-text-editor .elementor-drop-cap{float:left;text-align:center;line-height:1;font-size:50px}.elementor-widget-text-editor .elementor-drop-cap-letter{display:inline-block}<\/style>\t\t\t\t<div>En IBERTECH FORMACI\u00d3N S.L. nos dedicamos a la formaci\u00f3n a medida en el \u00e1mbito de IT, as\u00ed como a la prestaci\u00f3n de servicios de selecci\u00f3n, outsourcing, desarrollo de proyectos y consultor\u00eda. \nNuestra Pol\u00edtica de Calidad est\u00e1 dise\u00f1ada en coherencia con el prop\u00f3sito y el contexto de nuestra organizaci\u00f3n, y respalda nuestra direcci\u00f3n estrat\u00e9gica proporcionando un marco de referencia para el establecimiento de objetivos de calidad.\n<\/div>\t\t\t\t\t\t<\/div>\n\t\t\t\t<\/div>\n\t\t\t\t<div class=\"elementor-element elementor-element-edd3ec0 elementor-widget elementor-widget-text-editor\" data-id=\"edd3ec0\" data-element_type=\"widget\" data-widget_type=\"text-editor.default\">\n\t\t\t\t<div class=\"elementor-widget-container\">\n\t\t\t\t\t\t\t<div>Ofrecemos a nuestros clientes servicios que requieren una alta cualificaci\u00f3n:<\/div>\t\t\t\t\t\t<\/div>\n\t\t\t\t<\/div>\n\t\t\t\t<div class=\"elementor-element elementor-element-1336236 elementor-icon-list--layout-traditional elementor-list-item-link-full_width elementor-widget elementor-widget-icon-list\" data-id=\"1336236\" data-element_type=\"widget\" data-widget_type=\"icon-list.default\">\n\t\t\t\t<div class=\"elementor-widget-container\">\n\t\t\t<style>\/*! elementor - v3.6.0 - 21-03-2022 *\/\n.elementor-widget.elementor-icon-list--layout-inline .elementor-widget-container{overflow:hidden}.elementor-widget .elementor-icon-list-items.elementor-inline-items{margin-right:-8px;margin-left:-8px}.elementor-widget .elementor-icon-list-items.elementor-inline-items .elementor-icon-list-item{margin-right:8px;margin-left:8px}.elementor-widget .elementor-icon-list-items.elementor-inline-items .elementor-icon-list-item:after{width:auto;left:auto;right:auto;position:relative;height:100%;border-top:0;border-bottom:0;border-right:0;border-left-width:1px;border-style:solid;right:-8px}.elementor-widget .elementor-icon-list-items{list-style-type:none;margin:0;padding:0}.elementor-widget .elementor-icon-list-item{margin:0;padding:0;position:relative}.elementor-widget .elementor-icon-list-item:after{position:absolute;bottom:0;width:100%}.elementor-widget .elementor-icon-list-item,.elementor-widget .elementor-icon-list-item a{display:-webkit-box;display:-ms-flexbox;display:flex;-webkit-box-align:center;-ms-flex-align:center;align-items:center;font-size:inherit}.elementor-widget .elementor-icon-list-icon+.elementor-icon-list-text{-ms-flex-item-align:center;align-self:center;padding-left:5px}.elementor-widget .elementor-icon-list-icon{display:-webkit-box;display:-ms-flexbox;display:flex}.elementor-widget .elementor-icon-list-icon svg{width:var(--e-icon-list-icon-size,1em);height:var(--e-icon-list-icon-size,1em)}.elementor-widget .elementor-icon-list-icon i{width:1.25em;font-size:var(--e-icon-list-icon-size)}.elementor-widget.elementor-widget-icon-list .elementor-icon-list-icon{text-align:var(--e-icon-list-icon-align)}.elementor-widget.elementor-widget-icon-list .elementor-icon-list-icon svg{margin:var(--e-icon-list-icon-margin,0 calc(var(--e-icon-list-icon-size, 1em) * .25) 0 0)}.elementor-widget.elementor-list-item-link-full_width a{width:100%}.elementor-widget.elementor-align-center .elementor-icon-list-item,.elementor-widget.elementor-align-center .elementor-icon-list-item a{-webkit-box-pack:center;-ms-flex-pack:center;justify-content:center}.elementor-widget.elementor-align-center .elementor-icon-list-item:after{margin:auto}.elementor-widget.elementor-align-center .elementor-inline-items{-webkit-box-pack:center;-ms-flex-pack:center;justify-content:center}.elementor-widget.elementor-align-left .elementor-icon-list-item,.elementor-widget.elementor-align-left .elementor-icon-list-item a{-webkit-box-pack:start;-ms-flex-pack:start;justify-content:flex-start;text-align:left}.elementor-widget.elementor-align-left .elementor-inline-items{-webkit-box-pack:start;-ms-flex-pack:start;justify-content:flex-start}.elementor-widget.elementor-align-right .elementor-icon-list-item,.elementor-widget.elementor-align-right .elementor-icon-list-item a{-webkit-box-pack:end;-ms-flex-pack:end;justify-content:flex-end;text-align:right}.elementor-widget.elementor-align-right .elementor-icon-list-items{-webkit-box-pack:end;-ms-flex-pack:end;justify-content:flex-end}.elementor-widget:not(.elementor-align-right) .elementor-icon-list-item:after{left:0}.elementor-widget:not(.elementor-align-left) .elementor-icon-list-item:after{right:0}@media (max-width:1024px){.elementor-widget.elementor-tablet-align-center .elementor-icon-list-item,.elementor-widget.elementor-tablet-align-center .elementor-icon-list-item a,.elementor-widget.elementor-tablet-align-center .elementor-icon-list-items{-webkit-box-pack:center;-ms-flex-pack:center;justify-content:center}.elementor-widget.elementor-tablet-align-center .elementor-icon-list-item:after{margin:auto}.elementor-widget.elementor-tablet-align-left .elementor-icon-list-items{-webkit-box-pack:start;-ms-flex-pack:start;justify-content:flex-start}.elementor-widget.elementor-tablet-align-left .elementor-icon-list-item,.elementor-widget.elementor-tablet-align-left .elementor-icon-list-item a{-webkit-box-pack:start;-ms-flex-pack:start;justify-content:flex-start;text-align:left}.elementor-widget.elementor-tablet-align-right .elementor-icon-list-items{-webkit-box-pack:end;-ms-flex-pack:end;justify-content:flex-end}.elementor-widget.elementor-tablet-align-right .elementor-icon-list-item,.elementor-widget.elementor-tablet-align-right .elementor-icon-list-item a{-webkit-box-pack:end;-ms-flex-pack:end;justify-content:flex-end;text-align:right}.elementor-widget:not(.elementor-tablet-align-right) .elementor-icon-list-item:after{left:0}.elementor-widget:not(.elementor-tablet-align-left) .elementor-icon-list-item:after{right:0}}@media (max-width:767px){.elementor-widget.elementor-mobile-align-center .elementor-icon-list-item,.elementor-widget.elementor-mobile-align-center .elementor-icon-list-item a,.elementor-widget.elementor-mobile-align-center .elementor-icon-list-items{-webkit-box-pack:center;-ms-flex-pack:center;justify-content:center}.elementor-widget.elementor-mobile-align-center .elementor-icon-list-item:after{margin:auto}.elementor-widget.elementor-mobile-align-left .elementor-icon-list-items{-webkit-box-pack:start;-ms-flex-pack:start;justify-content:flex-start}.elementor-widget.elementor-mobile-align-left .elementor-icon-list-item,.elementor-widget.elementor-mobile-align-left .elementor-icon-list-item a{-webkit-box-pack:start;-ms-flex-pack:start;justify-content:flex-start;text-align:left}.elementor-widget.elementor-mobile-align-right .elementor-icon-list-items{-webkit-box-pack:end;-ms-flex-pack:end;justify-content:flex-end}.elementor-widget.elementor-mobile-align-right .elementor-icon-list-item,.elementor-widget.elementor-mobile-align-right .elementor-icon-list-item a{-webkit-box-pack:end;-ms-flex-pack:end;justify-content:flex-end;text-align:right}.elementor-widget:not(.elementor-mobile-align-right) .elementor-icon-list-item:after{left:0}.elementor-widget:not(.elementor-mobile-align-left) .elementor-icon-list-item:after{right:0}}<\/style>\t\t<ul class=\"elementor-icon-list-items\">\n\t\t\t\t\t\t\t<li class=\"elementor-icon-list-item\">\n\t\t\t\t\t\t\t\t\t\t\t<span class=\"elementor-icon-list-icon\">\n\t\t\t\t\t\t\t<i aria-hidden=\"true\" class=\"fas fa-dot-circle\"><\/i>\t\t\t\t\t\t<\/span>\n\t\t\t\t\t\t\t\t\t\t<span class=\"elementor-icon-list-text\"><strong>Formaci\u00f3n:<\/strong> La formaci\u00f3n que impartimos, tanto privada, como bonificada o subvencionada, est\u00e1 orientada a la innovaci\u00f3n y a la excelencia en el servicio.<\/span>\n\t\t\t\t\t\t\t\t\t<\/li>\n\t\t\t\t\t\t\t\t<li class=\"elementor-icon-list-item\">\n\t\t\t\t\t\t\t\t\t\t\t<span class=\"elementor-icon-list-icon\">\n\t\t\t\t\t\t\t<i aria-hidden=\"true\" class=\"fas fa-dot-circle\"><\/i>\t\t\t\t\t\t<\/span>\n\t\t\t\t\t\t\t\t\t\t<span class=\"elementor-icon-list-text\"><strong>Selecci\u00f3n y Outsourcing:<\/strong> Nuestros servicios se enfocan en obtener resultados, ofreciendo atenci\u00f3n personalizada, aplicando profesionalidad, flexibilidad, innovaci\u00f3n y rapidez en la respuesta.<\/span>\n\t\t\t\t\t\t\t\t\t<\/li>\n\t\t\t\t\t\t\t\t<li class=\"elementor-icon-list-item\">\n\t\t\t\t\t\t\t\t\t\t\t<span class=\"elementor-icon-list-icon\">\n\t\t\t\t\t\t\t<i aria-hidden=\"true\" class=\"fas fa-dot-circle\"><\/i>\t\t\t\t\t\t<\/span>\n\t\t\t\t\t\t\t\t\t\t<span class=\"elementor-icon-list-text\"><strong>Desarrollo y Consultor\u00eda:<\/strong> Nuestros proyectos est\u00e1n liderados por profesionales altamente capacitados.<br \/>&nbsp;<\/span>\n\t\t\t\t\t\t\t\t\t<\/li>\n\t\t\t\t\t\t<\/ul>\n\t\t\t\t<\/div>\n\t\t\t\t<\/div>\n\t\t\t\t<div class=\"elementor-element elementor-element-9e40feb elementor-widget elementor-widget-text-editor\" data-id=\"9e40feb\" data-element_type=\"widget\" data-widget_type=\"text-editor.default\">\n\t\t\t\t<div class=\"elementor-widget-container\">\n\t\t\t\t\t\t\t<div>Estamos comprometidos con la mejora continua de nuestro sistema de Gesti\u00f3n de Calidad, lo que nos permite aumentar la eficiencia de nuestros procesos y, en consecuencia, lograr una mayor satisfacci\u00f3n tanto de nuestros clientes como de nuestros empleados.<\/div>\t\t\t\t\t\t<\/div>\n\t\t\t\t<\/div>\n\t\t\t\t<div class=\"elementor-element elementor-element-65cee19 elementor-widget elementor-widget-text-editor\" data-id=\"65cee19\" data-element_type=\"widget\" data-widget_type=\"text-editor.default\">\n\t\t\t\t<div class=\"elementor-widget-container\">\n\t\t\t\t\t\t\t<div>Misi\u00f3n<\/div>\t\t\t\t\t\t<\/div>\n\t\t\t\t<\/div>\n\t\t\t\t<div class=\"elementor-element elementor-element-487233f elementor-widget elementor-widget-text-editor\" data-id=\"487233f\" data-element_type=\"widget\" data-widget_type=\"text-editor.default\">\n\t\t\t\t<div class=\"elementor-widget-container\">\n\t\t\t\t\t\t\t<div>Alcanzar, a trav\u00e9s de la Organizaci\u00f3n y su Personal:<\/div>\t\t\t\t\t\t<\/div>\n\t\t\t\t<\/div>\n\t\t\t\t<div class=\"elementor-element elementor-element-f89db47 elementor-widget elementor-widget-text-editor\" data-id=\"f89db47\" data-element_type=\"widget\" data-widget_type=\"text-editor.default\">\n\t\t\t\t<div class=\"elementor-widget-container\">\n\t\t\t\t\t\t\t<div><i style=\"margin-left:-20px\" aria-hidden=\"true\" class=\"fas fa-dot-circle\"><\/i>\t\t\t\t\t\t<strong>Alta Direcci\u00f3n:<\/strong> Asumimos la responsabilidad de garantizar que nuestro Sistema de Gesti\u00f3n de la Calidad cumple con la norma ISO 9001:2015. Los responsables de cada \u00e1rea deben alinear sus objetivos y pol\u00edticas con nuestro compromiso de cumplir con los requisitos aplicables.<\/div>\t\t\t\t\t\t<\/div>\n\t\t\t\t<\/div>\n\t\t\t\t<div class=\"elementor-element elementor-element-48a6fc1 elementor-widget elementor-widget-text-editor\" data-id=\"48a6fc1\" data-element_type=\"widget\" data-widget_type=\"text-editor.default\">\n\t\t\t\t<div class=\"elementor-widget-container\">\n\t\t\t\t\t\t\t<div><i class=\"fas fa-dot-circle\" style=\"margin-left: -20px;\" aria-hidden=\"true\"><\/i> <strong>Contexto.:<\/strong> IBERTECH, analiza los factores internos y externos que pueden influir en su prop\u00f3sito y capacidad para alcanzar los resultados esperados, definiendo acciones para gestionar riesgos y oportunidades.<\/div>\t\t\t\t\t\t<\/div>\n\t\t\t\t<\/div>\n\t\t\t\t<div class=\"elementor-element elementor-element-7508f27 elementor-widget elementor-widget-text-editor\" data-id=\"7508f27\" data-element_type=\"widget\" data-widget_type=\"text-editor.default\">\n\t\t\t\t<div class=\"elementor-widget-container\">\n\t\t\t\t\t\t\t<div><i class=\"fas fa-dot-circle\" style=\"margin-left: -20px;\" aria-hidden=\"true\"><\/i> <strong>Orientaci\u00f3n al Cliente:<\/strong> Nuestro enfoque empresarial se basa en la atenci\u00f3n a las necesidades y las percepciones de los clientes, evaluando la informaci\u00f3n obtenida a partir del seguimiento y la medici\u00f3n de su satisfacci\u00f3n.<\/div>\t\t\t\t\t\t<\/div>\n\t\t\t\t<\/div>\n\t\t\t\t<div class=\"elementor-element elementor-element-622a14c elementor-widget elementor-widget-text-editor\" data-id=\"622a14c\" data-element_type=\"widget\" data-widget_type=\"text-editor.default\">\n\t\t\t\t<div class=\"elementor-widget-container\">\n\t\t\t\t\t\t\t<div><i class=\"fas fa-dot-circle\" style=\"margin-left: -20px;\" aria-hidden=\"true\"><\/i> <strong>Enfoque a Procesos:<\/strong>  \tPlanificamos, implementamos y controlamos los procesos necesarios para cumplir con los requisitos de nuestros productos y servicios, asegurando los recursos necesarios para ello.<\/div>\t\t\t\t\t\t<\/div>\n\t\t\t\t<\/div>\n\t\t\t\t<div class=\"elementor-element elementor-element-3f62425 elementor-widget elementor-widget-text-editor\" data-id=\"3f62425\" data-element_type=\"widget\" data-widget_type=\"text-editor.default\">\n\t\t\t\t<div class=\"elementor-widget-container\">\n\t\t\t\t\t\t\t<div><i class=\"fas fa-dot-circle\" style=\"margin-left: -20px;\" aria-hidden=\"true\"><\/i> <strong>Recursos Humanos:<\/strong>  Garantizamos que nuestro personal est\u00e9 cualificado y sea adecuado para realizar el trabajo que impacta en la calidad, desarrollando planes de formaci\u00f3n interna y promoviendo la igualdad de oportunidades a todos los niveles. <\/div>\t\t\t\t\t\t<\/div>\n\t\t\t\t<\/div>\n\t\t\t\t<div class=\"elementor-element elementor-element-1189076 elementor-widget elementor-widget-text-editor\" data-id=\"1189076\" data-element_type=\"widget\" data-widget_type=\"text-editor.default\">\n\t\t\t\t<div class=\"elementor-widget-container\">\n\t\t\t\t\t\t\t<div><i class=\"fas fa-dot-circle\" style=\"margin-left: -20px;\" aria-hidden=\"true\"><\/i> <strong>Evaluaci\u00f3n del Desempe\u00f1o:<\/strong>  La Organizaci\u00f3n tiene definidos los m\u00e9todos de seguimiento, an\u00e1lisis y evaluaci\u00f3n necesarios para asegurar la validez de nuestros resultados.<\/div>\t\t\t\t\t\t<\/div>\n\t\t\t\t<\/div>\n\t\t\t\t<div class=\"elementor-element elementor-element-459a9ca elementor-widget elementor-widget-text-editor\" data-id=\"459a9ca\" data-element_type=\"widget\" data-widget_type=\"text-editor.default\">\n\t\t\t\t<div class=\"elementor-widget-container\">\n\t\t\t\t\t\t\t<div><i class=\"fas fa-dot-circle\" style=\"margin-left: -20px;\" aria-hidden=\"true\"><\/i> <strong>Mejora Continua:<\/strong>  Identificamos y seleccionamos oportunidades de mejora, implementando las acciones necesarias para cumplir con los requisitos del cliente y aumentar la satisfacci\u00f3n de todas las partes interesadas.<\/div>\t\t\t\t\t\t<\/div>\n\t\t\t\t<\/div>\n\t\t\t\t<div class=\"elementor-element elementor-element-6a8b929 elementor-widget elementor-widget-text-editor\" data-id=\"6a8b929\" data-element_type=\"widget\" data-widget_type=\"text-editor.default\">\n\t\t\t\t<div class=\"elementor-widget-container\">\n\t\t\t\t\t\t\t<div><i class=\"fas fa-dot-circle\" style=\"margin-left: -20px;\" aria-hidden=\"true\"><\/i> <strong>Evaluaci\u00f3n de Proveedores:<\/strong>  Establecemos controles y criterios para evaluar a nuestros proveedores externos, garantizando que los productos y servicios suministrados cumplan con nuestros est\u00e1ndares de calidad.<\/div>\t\t\t\t\t\t<\/div>\n\t\t\t\t<\/div>\n\t\t\t\t<div class=\"elementor-element elementor-element-3e1e185 elementor-widget elementor-widget-text-editor\" data-id=\"3e1e185\" data-element_type=\"widget\" data-widget_type=\"text-editor.default\">\n\t\t\t\t<div class=\"elementor-widget-container\">\n\t\t\t\t\t\t\t<div><i class=\"fas fa-dot-circle\" style=\"margin-left: -20px;\" aria-hidden=\"true\"><\/i> <strong>Gesti\u00f3n Ambiental:<\/strong>  Estamos comprometidos con la protecci\u00f3n del medio ambiente, incluyendo la prevenci\u00f3n de la contaminaci\u00f3n y el uso sostenible de los recursos, as\u00ed como la mitigaci\u00f3n del cambio clim\u00e1tico y la protecci\u00f3n de la biodiversidad.<\/div>\t\t\t\t\t\t<\/div>\n\t\t\t\t<\/div>\n\t\t\t\t<div class=\"elementor-element elementor-element-5266245 elementor-widget elementor-widget-text-editor\" data-id=\"5266245\" data-element_type=\"widget\" data-widget_type=\"text-editor.default\">\n\t\t\t\t<div class=\"elementor-widget-container\">\n\t\t\t\t\t\t\t<div><i class=\"fas fa-dot-circle\" style=\"margin-left: -20px;\" aria-hidden=\"true\"><\/i> <strong>\u00c9tica:<\/strong>  Nos comprometemos con una gesti\u00f3n \u00e9tica y responsable, el cumplimiento de la Normativa, Reglamentos, Legislaci\u00f3n vigentes y el cumplimiento de los compromisos voluntariamente asumidos, como pilares fundamentales de nuestra cultura corporativa.<\/div>\t\t\t\t\t\t<\/div>\n\t\t\t\t<\/div>\n\t\t\t\t<div class=\"elementor-element elementor-element-879ecfd elementor-widget elementor-widget-text-editor\" data-id=\"879ecfd\" data-element_type=\"widget\" data-widget_type=\"text-editor.default\">\n\t\t\t\t<div class=\"elementor-widget-container\">\n\t\t\t\t\t\t\t<div>La Direcci\u00f3n de asegura que esta Pol\u00edtica de Calidad es entendida y aceptada por todo el personal y colaboradores. siendo accesible y p\u00fablica. Su efectividad y adecuaci\u00f3n se verifican mediante auditor\u00edas internas, asegurando su cumplimiento y mejora continua.<\/div>\t\t\t\t\t\t<\/div>\n\t\t\t\t<\/div>\n\t\t\t\t<div class=\"elementor-element elementor-element-2326db4 elementor-widget elementor-widget-text-editor\" data-id=\"2326db4\" data-element_type=\"widget\" data-widget_type=\"text-editor.default\">\n\t\t\t\t<div class=\"elementor-widget-container\">\n\t\t\t\t\t\t\t<div>DIRECCI\u00d3N \/ 31.01.24<\/div>\t\t\t\t\t\t<\/div>\n\t\t\t\t<\/div>\n\t\t\t\t\t<\/div>\n\t\t<\/div>\n\t\t\t\t\t\t\t<\/div>\n\t\t<\/section>\n\t\t\t\t\t\t\t<\/div>\n\t\t","protected":false},"excerpt":{"rendered":"<p>En IBERTECH FORMACI\u00d3N S.L. nos dedicamos a la formaci\u00f3n a medida en el \u00e1mbito de IT, as\u00ed como a la prestaci\u00f3n de servicios de selecci\u00f3n, outsourcing, desarrollo de proyectos y consultor\u00eda. Nuestra Pol\u00edtica de Calidad est\u00e1 dise\u00f1ada en coherencia con el prop\u00f3sito y el contexto de nuestra organizaci\u00f3n, y respalda nuestra direcci\u00f3n estrat\u00e9gica proporcionando un [&hellip;]<\/p>\n","protected":false},"author":1,"featured_media":0,"parent":0,"menu_order":0,"comment_status":"closed","ping_status":"closed","template":"page-fullwidth.php","meta":[],"wps_subtitle":"","acf":[],"_links":{"self":[{"href":"https:\/\/www.ibertech.org\/en\/wp-json\/wp\/v2\/pages\/986"}],"collection":[{"href":"https:\/\/www.ibertech.org\/en\/wp-json\/wp\/v2\/pages"}],"about":[{"href":"https:\/\/www.ibertech.org\/en\/wp-json\/wp\/v2\/types\/page"}],"author":[{"embeddable":true,"href":"https:\/\/www.ibertech.org\/en\/wp-json\/wp\/v2\/users\/1"}],"replies":[{"embeddable":true,"href":"https:\/\/www.ibertech.org\/en\/wp-json\/wp\/v2\/comments?post=986"}],"version-history":[{"count":24,"href":"https:\/\/www.ibertech.org\/en\/wp-json\/wp\/v2\/pages\/986\/revisions"}],"predecessor-version":[{"id":1949,"href":"https:\/\/www.ibertech.org\/en\/wp-json\/wp\/v2\/pages\/986\/revisions\/1949"}],"wp:attachment":[{"href":"https:\/\/www.ibertech.org\/en\/wp-json\/wp\/v2\/media?parent=986"}],"curies":[{"name":"wp","href":"https:\/\/api.w.org\/{rel}","templated":true}]}}