{"id":110,"date":"2017-10-22T11:33:09","date_gmt":"2017-10-22T11:33:09","guid":{"rendered":"http:\/\/www.ibertech.org\/?page_id=110"},"modified":"2017-10-29T13:33:52","modified_gmt":"2017-10-29T13:33:52","slug":"ibertech","status":"publish","type":"page","link":"https:\/\/www.ibertech.org\/pt\/ibertech\/","title":{"rendered":"Ibertech"},"content":{"rendered":"","protected":false},"excerpt":{"rendered":"","protected":false},"author":1,"featured_media":0,"parent":0,"menu_order":0,"comment_status":"closed","ping_status":"closed","template":"page-ibertech.php","meta":[],"wps_subtitle":"Somos una empresa centrada en las necesidades del cliente: desde una formaci\u00f3n 100% personalizada de equipos tecnol\u00f3gicos hasta los servicios integrales de consultor\u00eda especializados en BI, Movilidad, Open Source o Big Data.","acf":[],"_links":{"self":[{"href":"https:\/\/www.ibertech.org\/pt\/wp-json\/wp\/v2\/pages\/110"}],"collection":[{"href":"https:\/\/www.ibertech.org\/pt\/wp-json\/wp\/v2\/pages"}],"about":[{"href":"https:\/\/www.ibertech.org\/pt\/wp-json\/wp\/v2\/types\/page"}],"author":[{"embeddable":true,"href":"https:\/\/www.ibertech.org\/pt\/wp-json\/wp\/v2\/users\/1"}],"replies":[{"embeddable":true,"href":"https:\/\/www.ibertech.org\/pt\/wp-json\/wp\/v2\/comments?post=110"}],"version-history":[{"count":2,"href":"https:\/\/www.ibertech.org\/pt\/wp-json\/wp\/v2\/pages\/110\/revisions"}],"predecessor-version":[{"id":368,"href":"https:\/\/www.ibertech.org\/pt\/wp-json\/wp\/v2\/pages\/110\/revisions\/368"}],"wp:attachment":[{"href":"https:\/\/www.ibertech.org\/pt\/wp-json\/wp\/v2\/media?parent=110"}],"curies":[{"name":"wp","href":"https:\/\/api.w.org\/{rel}","templated":true}]}}