{"id":140,"date":"2017-10-22T15:28:12","date_gmt":"2017-10-22T15:28:12","guid":{"rendered":"http:\/\/www.ibertech.org\/?page_id=140"},"modified":"2023-08-31T09:55:13","modified_gmt":"2023-08-31T09:55:13","slug":"business-intelligence-a-tu-medida","status":"publish","type":"page","link":"https:\/\/www.ibertech.org\/pt\/business-intelligence-a-tu-medida\/","title":{"rendered":"BUSINESS INTELLIGENCE PARA VOC\u00ca"},"content":{"rendered":"<p><\/p>\n<div class=\"col-md-6 nada\">\n<p>A cada dia as empresas geram um volume maior de dados, acesso a eles est\u00e1 ficando mais barato e \u00e9 por isso que a anal\u00edtica torna-se uma tarefa imprescid\u00edvel para compreender as chaves para o seu neg\u00f3cio e fazer o melhor tomada de decis\u00f5es.<\/p>\n<p>SAS oferece solu\u00e7\u00f5es que trabalham em todas as fases de an\u00e1lise de dados a partir da <strong>gest\u00e3o de dados<\/strong>, para o desenvolvimento de <strong>relat\u00f3rios e dashboards<\/strong>, dando-lhe todo o poder de <strong>an\u00e1lises avan\u00e7adas e preditivas<\/strong>. O maior fabricante de software anal\u00edtico.<\/p>\n<p>&#8211; Ferramentas de Self \u2013 Service sem a necessidade de ser um data Science.<\/p>\n<p>&#8211; Acesso as informa\u00e7\u00f5es em tempo real de qualquer lugar.<\/p>\n<p>&#8211; Unifica os seus dados, antecipa o futuro, cria e compartilha seus relat\u00f3rios e muito mais.<\/p>\n<p>&#8211; SAS \u00e9 totalmente escal\u00e1vel e cresce \u00e0 medida que voc\u00ea faz.<\/p>\n<\/div>\n<div class=\"col-md-6\"><img loading=\"lazy\" width=\"2863\" height=\"2571\" class=\"alignnone size-medium wp-image-144 img-responsive\" src=\"http:\/\/www.ibertech.org\/wp-content\/uploads\/2017\/10\/IMAGEN-PAGINA-SAS.jpg\" alt=\"IMAGEN PAGINA SAS\" srcset=\"https:\/\/www.ibertech.org\/wp-content\/uploads\/2017\/10\/IMAGEN-PAGINA-SAS.jpg 2863w, https:\/\/www.ibertech.org\/wp-content\/uploads\/2017\/10\/IMAGEN-PAGINA-SAS-300x269.jpg 300w, https:\/\/www.ibertech.org\/wp-content\/uploads\/2017\/10\/IMAGEN-PAGINA-SAS-768x690.jpg 768w, https:\/\/www.ibertech.org\/wp-content\/uploads\/2017\/10\/IMAGEN-PAGINA-SAS-1024x920.jpg 1024w\" sizes=\"(max-width: 2863px) 100vw, 2863px\" \/>\n<\/div>\n<\/div>\n<div class=\"abajo\"><\/div>\n<div class=\"col-md-12 gris2 nada\">\n<div class=\"container\">\n<div class=\"col-md-4\">\n<p><img loading=\"lazy\" width=\"372\" height=\"286\" class=\"alignnone size-full wp-image-156 img-responsive\" src=\"http:\/\/www.ibertech.org\/wp-content\/uploads\/2017\/10\/Visual-Analytics.gif\" alt=\"Visual-Analytics\" \/><\/p>\n<h4>SAS Visual Analytics<\/h4>\n<p>Obt\u00e9m  respostas corretas a partir de seus dados, exames e an\u00e1lises para descobrir insights. Os pain\u00e9is interativos s\u00e3o colaborativos e executar  e a anal\u00edtica voc\u00ea pode realizar voc\u00ea mesmo de forma eficaz e <strong>em tempo real<\/strong>, sem ter que ser um especialista.<\/p>\n<p><strong>Descubra por que algo aconteceu.<\/strong>Identifica fatores cr\u00edticos. SAS destaca automaticamente relacionamentos chaves, para gu\u00eda-lo melhor  para tomada de decis\u00e3o.<\/p>\n<p>Saiba o que \u00e9 dito (bom ou mal) sobre a sua marca atrav\u00e9s da aplica\u00e7\u00e3o de <strong>an\u00e1lise de sentimentos<\/strong>.<\/p>\n<p>Sempre ter\u00e1  respostas ao seu alcance, <strong>n\u00e3o importa onde<\/strong> voc\u00ea esteja.<\/p>\n<p>Al\u00e9m da escalabilidade e governan\u00e7a de dados, SAS \u00e9 a  escolha perfeita.<a href=\"mailto:sonia.paramo@ibertech.org?subject=Me%20gustar%C3%ADa%20solicitar%20m%C3%A1s%20informaci%C3%B3n%20acerca%20de%20SAS%20Visual%20Analytics\" target=\"_blank\" rel=\"noopener\">Mais info. <\/a><\/p>\n<\/div>\n<div class=\"col-md-4\">\n<p><img loading=\"lazy\" width=\"372\" height=\"286\" class=\"alignnone size-full wp-image-163 img-responsive\" src=\"http:\/\/www.ibertech.org\/wp-content\/uploads\/2017\/10\/ENTERPRISE-GUIDE-GIF-PAGINA.gif\" alt=\"ENTERPRISE-GUIDE-GIF-PAGINA\" \/><\/p>\n<h4>SAS Enterprise Guide<\/h4>\n<p>SAS Enterprise Guide integra uma ampla gama de an\u00e1lises com o poder do software SAS em uma aplica\u00e7\u00e3o eficiente e f\u00e1cil uso do usu\u00e1rio. Os analistas de neg\u00f3cios podem <strong>produzir an\u00e1lises e distribuir relat\u00f3rios<\/strong>, os deixando livres para se concentrar em outros projetos estrat\u00e9gicos.<\/p>\n<p>&nbsp;<\/p>\n<p>Proporciona uma r\u00e1pida aprendizegem para a an\u00e1lise dos dados , <strong>gera c\u00f3digo <\/strong>para a produtividade e acelera a sua capacidade de implantar an\u00e1lises e previs\u00f5es em tempo real. Fornecer seguran\u00e7a baseada em fun\u00e7\u00e3o centralizada,<\/p>\n<p>&nbsp;<\/p>\n<p>Acessa r\u00e1pidamente os  dados para an\u00e1lise, <strong>projetos de programa\u00e7\u00e3o<\/strong>, compartilhar resultados e facilmente incorporar sa\u00edda para uso repetido, incluindo o acesso a an\u00e1lises avan\u00e7adas e outros recursos do SAS. <a href=\"mailto:sonia.paramo@ibertech.org?subject=Me%20gustar%C3%ADa%20solicitar%20m%C3%A1s%20informaci%C3%B3n%20acerca%20de%20SAS%20Enterprise%20Guide\" target=\"_blank\" rel=\"noopener\">Mais info. <\/a><\/p>\n<\/div>\n<div class=\"col-md-4\">\n<p><img loading=\"lazy\" width=\"372\" height=\"286\" class=\"alignnone size-full wp-image-164 img-responsive\" src=\"http:\/\/www.ibertech.org\/wp-content\/uploads\/2017\/10\/CONTACTEMOS-ANIMADO.gif\" alt=\"CONTACTEMOS ANIMADO\" \/><\/p>\n<h4>\u00bfQuieres m\u00e1s informaci\u00f3n?<\/h4>\n<p>Nossa equipe de consultores ir\u00e3o te proporcionar uma vis\u00e3o mais abrangente de como podemos tornar seu neg\u00f3cio mais rent\u00e1vel atrav\u00e9s da implementa\u00e7\u00e3o de ferramentas de an\u00e1lise SAS. N\u00e3o hesite em contactar-nos:<\/p>\n<\/div>\n<\/div>\n<\/div>\n<p><\/p>","protected":false},"excerpt":{"rendered":"<p>A cada dia as empresas geram um volume maior de dados, acesso a eles est\u00e1 ficando mais barato e \u00e9 por isso que a anal\u00edtica torna-se uma tarefa imprescid\u00edvel para compreender as chaves para o seu neg\u00f3cio e fazer o melhor tomada de decis\u00f5es. SAS oferece solu\u00e7\u00f5es que trabalham em todas as fases de an\u00e1lise [&hellip;]<\/p>\n","protected":false},"author":1,"featured_media":0,"parent":0,"menu_order":0,"comment_status":"closed","ping_status":"closed","template":"page-bussiness.php","meta":[],"wps_subtitle":"SAS L\u00edder en la industria anal\u00edtica","acf":[],"_links":{"self":[{"href":"https:\/\/www.ibertech.org\/pt\/wp-json\/wp\/v2\/pages\/140"}],"collection":[{"href":"https:\/\/www.ibertech.org\/pt\/wp-json\/wp\/v2\/pages"}],"about":[{"href":"https:\/\/www.ibertech.org\/pt\/wp-json\/wp\/v2\/types\/page"}],"author":[{"embeddable":true,"href":"https:\/\/www.ibertech.org\/pt\/wp-json\/wp\/v2\/users\/1"}],"replies":[{"embeddable":true,"href":"https:\/\/www.ibertech.org\/pt\/wp-json\/wp\/v2\/comments?post=140"}],"version-history":[{"count":27,"href":"https:\/\/www.ibertech.org\/pt\/wp-json\/wp\/v2\/pages\/140\/revisions"}],"predecessor-version":[{"id":1926,"href":"https:\/\/www.ibertech.org\/pt\/wp-json\/wp\/v2\/pages\/140\/revisions\/1926"}],"wp:attachment":[{"href":"https:\/\/www.ibertech.org\/pt\/wp-json\/wp\/v2\/media?parent=140"}],"curies":[{"name":"wp","href":"https:\/\/api.w.org\/{rel}","templated":true}]}}