{"id":758,"date":"2018-06-04T08:05:32","date_gmt":"2018-06-04T08:05:32","guid":{"rendered":"https:\/\/www.ibertech.org\/?page_id=758"},"modified":"2026-02-27T08:15:22","modified_gmt":"2026-02-27T08:15:22","slug":"politica-de-privacidad","status":"publish","type":"page","link":"https:\/\/www.ibertech.org\/pt\/politica-de-privacidad\/","title":{"rendered":"Politica de privacidade"},"content":{"rendered":"<p>Seguindo os princ\u00edpios de legalidade, lealdade e transpar\u00eancia, disponibilizamos esta Pol\u00edtica de Privacidade para voc\u00ea.<\/p>\n<p style=\"text-align: center;\"><strong><span style=\"color: #ffcc00;\">Quem \u00e9 respons\u00e1vel pelo processamento dos seus dados?<\/span><\/strong><\/p>\n<p>IBERTECH FORMACI\u00d3N S.L.<br \/>\nCIF: B83408591<br \/>\nENDERE\u00c7O SOCIAL: c\/ Vallefranco n\u00ba40 (28660-Boadilla del Monte \u2013 Madrid)<br \/>\nEmail: dpo@ibertech.org<br \/>\nTelefone: 916592525<\/p>\n<p style=\"text-align: center;\">\n<p style=\"text-align: center;\"><span style=\"color: #ffcc00;\"><strong>Para que finalidade tratamos seus dados pessoais?<\/strong><\/span><\/p>\n<p>Na IBERTECH FORMACI\u00d3N S.L. tratamos as informa\u00e7\u00f5es que voc\u00ea nos fornece a fim de gerenciar o relacionamento contratual que nos vincula, gerenciar a entrega das informa\u00e7\u00f5es solicitadas, fornecer \u00e0s partes interessadas ofertas de nossos servi\u00e7os e \/ ou produtos de interesse e \/ ou gerenciar sua candidatura.<\/p>\n<p>Por quanto tempo manteremos suas informa\u00e7\u00f5es pessoais?<\/p>\n<p>Seus dados ser\u00e3o mantidos no tempo m\u00ednimo necess\u00e1rio para a provis\u00e3o adequada do servi\u00e7o oferecido, bem como para atender \u00e0s responsabilidades que possam surgir a partir dele e de qualquer outro requisito legal.<\/p>\n<p style=\"text-align: center;\">\n<p style=\"text-align: center;\"><span style=\"color: #ffcc00;\"><strong>Qual \u00e9 a legitimidade para o tratamento de seus dados?<\/strong><\/span><\/p>\n<p>A base legal para o processamento de seus dados pessoais pode ser a execu\u00e7\u00e3o de uma rela\u00e7\u00e3o contratual potencial e \/ ou subscrita, o interesse leg\u00edtimo, a autoriza\u00e7\u00e3o legal e \/ ou o consentimento da parte interessada. A informa\u00e7\u00e3o que solicitamos \u00e9 apropriada, pertinente e estritamente necess\u00e1ria e em nenhum caso \u00e9 obrigada a fornec\u00ea-la a n\u00f3s, mas sua falha em comunicar pode afetar o prop\u00f3sito do servi\u00e7o ou a impossibilidade de fornec\u00ea-lo.<\/p>\n<p>Para quais destinat\u00e1rios seus dados ser\u00e3o comunicados?<\/p>\n<p>IBERTECH FORMACI\u00d3N S.L. n\u00e3o comunicar\u00e1 seus dados a terceiros, a menos que seja expressamente informado sobre eles.<\/p>\n<p>&nbsp;<\/p>\n<p style=\"text-align: center;\"><span style=\"color: #ffcc00;\"><strong>Quais s\u00e3o seus direitos quando voc\u00ea nos fornece seus dados?<\/strong><\/span><\/p>\n<p>Os direitos de prote\u00e7\u00e3o de dados detidos pelas partes interessadas s\u00e3o:<br \/>\nDireito de solicitar o acesso a dados pessoais relativos \u00e0 parte interessada<br \/>\nDireito de retifica\u00e7\u00e3o ou exclus\u00e3o<br \/>\nDireito de oposi\u00e7\u00e3o<br \/>\nDireito de solicitar a limita\u00e7\u00e3o do seu tratamento<br \/>\nDireito \u00e0 portabilidade de dados<br \/>\nOs titulares de dados pessoais obtidos, podem exercer seus direitos de prote\u00e7\u00e3o de dados pessoais, dirigindo uma comunica\u00e7\u00e3o por escrito para a sede social da IBERTECH FORMACI\u00d3N S.L. ou para o correio eletr\u00f4nico habilitado para este prop\u00f3sito dpo@ibertech.org, incluindo em ambos os casos uma fotoc\u00f3pia do seu documento de identidade ou outro documento de identifica\u00e7\u00e3o equivalente.<\/p>\n<p>Modelos, formul\u00e1rios e mais informa\u00e7\u00f5es dispon\u00edveis sobre seus direitos no site da autoridade nacional de controle, Ag\u00eancia Espanhola de Prote\u00e7\u00e3o de Dados, doravante, AEPD, www.agpd.es<br \/>\nPosso retirar o consentimento?<\/p>\n<p>Voc\u00ea tem a possibilidade e o direito de retirar o consentimento para qualquer prop\u00f3sito espec\u00edfico concedido no momento, sem afetar a legalidade do tratamento com base no consentimento anterior \u00e0 sua retirada.<\/p>\n<p>Onde posso reivindicar caso eu considere que meus dados n\u00e3o s\u00e3o tratados corretamente?<\/p>\n<p>Se qualquer parte interessada considerar que seus dados n\u00e3o s\u00e3o tratados corretamente pela IBERTECH FORMACI\u00d3N S.L. Voc\u00ea pode enviar suas reclama\u00e7\u00f5es para dpo@ibertech.org ou para a autoridade de prote\u00e7\u00e3o de dados apropriada, sendo a AEPD a indicada no territ\u00f3rio nacional, <a href=\"http:\/\/www.agpd.es\">www.agpd.es<\/a><\/p>\n<p>&nbsp;<\/p>\n<p style=\"text-align: center;\"><span style=\"color: #ffcc00;\"><strong>Seguran\u00e7a e atualiza\u00e7\u00e3o de seus dados pessoais<\/strong><\/span><\/p>\n<p>A fim de salvaguardar a seguran\u00e7a dos seus dados pessoais, informamos que a IBERTECH FORMACI\u00d3N S.L. tomou todas as medidas t\u00e9cnicas e organizacionais necess\u00e1rias para garantir a seguran\u00e7a dos dados pessoais fornecidos. Tudo isso para evitar altera\u00e7\u00f5es, perdas e \/ ou tratamentos ou acesso n\u00e3o autorizado, conforme exigido pelos regulamentos, embora n\u00e3o exista seguran\u00e7a absoluta.<br \/>\n\u00c9 importante que, para mantermos suas informa\u00e7\u00f5es pessoais atualizadas, voc\u00ea nos informe sempre que houver uma altera\u00e7\u00e3o nelas.<\/p>\n<p style=\"text-align: center;\">\n<p style=\"text-align: center;\"><span style=\"color: #ffcc00;\"><strong>Confidencialidade<\/strong><\/span><\/p>\n<p>IBERTECH FORMACI\u00d3N S.L. informa que seus dados ser\u00e3o tratados com o maior zelo e confidencialidade por todo o pessoal envolvido em qualquer uma das fases do tratamento. N\u00e3o forneceremos ou comunicaremos a terceiros seus dados, exceto nos casos previstos em lei, ou a menos que o interessado nos tenha expressamente autorizado.<\/p>","protected":false},"excerpt":{"rendered":"<p>Seguindo os princ\u00edpios de legalidade, lealdade e transpar\u00eancia, disponibilizamos esta Pol\u00edtica de Privacidade para voc\u00ea. Quem \u00e9 respons\u00e1vel pelo processamento dos seus dados? IBERTECH FORMACI\u00d3N S.L. CIF: B83408591 ENDERE\u00c7O SOCIAL: c\/ Vallefranco n\u00ba40 (28660-Boadilla del Monte \u2013 Madrid) Email: dpo@ibertech.org Telefone: 916592525 Para que finalidade tratamos seus dados pessoais? Na IBERTECH FORMACI\u00d3N S.L. tratamos as [&hellip;]<\/p>\n","protected":false},"author":1,"featured_media":0,"parent":0,"menu_order":0,"comment_status":"closed","ping_status":"closed","template":"page-fullwidth.php","meta":[],"wps_subtitle":"","acf":[],"_links":{"self":[{"href":"https:\/\/www.ibertech.org\/pt\/wp-json\/wp\/v2\/pages\/758"}],"collection":[{"href":"https:\/\/www.ibertech.org\/pt\/wp-json\/wp\/v2\/pages"}],"about":[{"href":"https:\/\/www.ibertech.org\/pt\/wp-json\/wp\/v2\/types\/page"}],"author":[{"embeddable":true,"href":"https:\/\/www.ibertech.org\/pt\/wp-json\/wp\/v2\/users\/1"}],"replies":[{"embeddable":true,"href":"https:\/\/www.ibertech.org\/pt\/wp-json\/wp\/v2\/comments?post=758"}],"version-history":[{"count":16,"href":"https:\/\/www.ibertech.org\/pt\/wp-json\/wp\/v2\/pages\/758\/revisions"}],"predecessor-version":[{"id":1959,"href":"https:\/\/www.ibertech.org\/pt\/wp-json\/wp\/v2\/pages\/758\/revisions\/1959"}],"wp:attachment":[{"href":"https:\/\/www.ibertech.org\/pt\/wp-json\/wp\/v2\/media?parent=758"}],"curies":[{"name":"wp","href":"https:\/\/api.w.org\/{rel}","templated":true}]}}