{"id":762,"date":"2018-06-04T08:28:04","date_gmt":"2018-06-04T08:28:04","guid":{"rendered":"https:\/\/www.ibertech.org\/?page_id=762"},"modified":"2018-07-05T09:36:02","modified_gmt":"2018-07-05T09:36:02","slug":"politica-de-cookies","status":"publish","type":"page","link":"https:\/\/www.ibertech.org\/pt\/politica-de-cookies\/","title":{"rendered":"Pol\u00edtica de cookies"},"content":{"rendered":"<p><\/p>\n<p style=\"padding-left: 30px;\"><span style=\"color: #ffcc00;\"><strong><strong>1 .<\/strong><\/strong><\/span><span id=\"result_box\" lang=\"pt\"><span style=\"color: #ffcc00;\"><strong>O que s\u00e3o cookies?<\/strong><\/span><br \/>\n<\/span><\/p>\n<div id=\"gt-res-dir-ctr\" class=\"trans-verified-button-small\" dir=\"ltr\"><span id=\"result_box\" lang=\"pt\"><br \/>\nA teia da IBERTECH FORMACI\u00d3N S.L. (doravante a Web) usa Cookies. Cookies s\u00e3o arquivos enviados para um navegador por meio de um servidor da Web para registrar as atividades do usu\u00e1rio em um site espec\u00edfico. O primeiro objetivo dos Cookies \u00e9 fornecer ao usu\u00e1rio acesso mais r\u00e1pido aos servi\u00e7os selecionados. Al\u00e9m disso, os Cookies personalizam os servi\u00e7os oferecidos pela Web, facilitando e oferecendo a cada usu\u00e1rio informa\u00e7\u00f5es que s\u00e3o de interesse ou que possam ser de interesse, em aten\u00e7\u00e3o ao uso dos Servi\u00e7os.<\/span><\/div>\n<p><span title=\"La Web utiliza Cookies para personalizar y facilitar al m\u00e1ximo la navegaci\u00f3n del usuario.\">A Web usa Cookies para personalizar e facilitar a navega\u00e7\u00e3o do usu\u00e1rio o m\u00e1ximo poss\u00edvel. <\/span><span title=\"Las Cookies se asocian \u00fanicamente a un usuario an\u00f3nimo y su ordenador y no proporcionan referencias que permitan deducir datos personales del usuario.\">Os cookies s\u00e3o associados apenas a um usu\u00e1rio an\u00f4nimo e seu computador e n\u00e3o fornecem refer\u00eancias que permitam deduzir os dados pessoais do usu\u00e1rio. <\/span><span title=\"El usuario podr\u00e1 configurar su navegador para que notifique y rechace la instalaci\u00f3n las Cookies enviadas por la Web, sin que ello perjudique la posibilidad del usuario de acceder a los contenidos de dicha web.\">O usu\u00e1rio pode configurar seu navegador para notificar e rejeitar a instala\u00e7\u00e3o de Cookies enviados pela Web, sem afetar a capacidade do usu\u00e1rio de acessar o conte\u00fado do referido site. <\/span><span title=\"Sin embargo, le hacemos notar que, en todo caso, la calidad de funcionamiento de la p\u00e1gina Web puede disminuir. \">No entanto, gostar\u00edamos de salientar que, em qualquer caso, a qualidade do funcionamento do site pode diminuir.<\/span><\/p>\n<p><span title=\"Los usuarios registrados, que se registren o que hayan iniciado sesi\u00f3n, podr\u00e1n beneficiarse de unos servicios m\u00e1s personalizados y orientados a su perfil, gracias a la combinaci\u00f3n de los datos almacenados en las cookies con los datos personales utilizados en el momento de su registro.\">Os usu\u00e1rios cadastrados, que se cadastram ou j\u00e1 fizeram o login, podem se beneficiar de servi\u00e7os mais personalizados voltados ao seu perfil, gra\u00e7as \u00e0 combina\u00e7\u00e3o dos dados armazenados nos cookies com os dados pessoais utilizados no momento do cadastro. <\/span><span title=\"Dichos usuarios autorizan expresamente el uso de esta informaci\u00f3n con la finalidad indicada, sin perjuicio de su derecho a rechazar o deshabilitar el uso de cookies. \">Esses usu\u00e1rios autorizam expressamente o uso dessas informa\u00e7\u00f5es para o prop\u00f3sito indicado, sem preju\u00edzo do direito de recusar ou desabilitar o uso de cookies.<\/span><\/p>\n<p><span title=\"Asimismo, la Web podr\u00e1 saber todos los servicios solicitados por los usuarios, de forma que podr\u00e1n facilitar u ofrecer informaci\u00f3n adecuada a los gustos y preferencias de cada usuario.\">Da mesma forma, a Web poder\u00e1 conhecer todos os servi\u00e7os solicitados pelos usu\u00e1rios, para que possam fornecer ou oferecer informa\u00e7\u00f5es adequadas aos gostos e prefer\u00eancias de cada usu\u00e1rio<\/span><\/p>\n<p style=\"padding-left: 30px;\"><strong><span style=\"color: #ffcc00;\">2. Que tipos de cookies existem?<\/span><br \/>\n<\/strong><\/p>\n<p><strong><br \/>\n<\/strong>Os cookies, dependendo da sua perman\u00eancia, podem ser divididos em:<\/p>\n<p><strong>&#8220;Cookies de sess\u00e3o&#8221;<\/strong>: os primeiros expiram quando o usu\u00e1rio fecha o navegador.<\/p>\n<p><strong>&#8220;Cookies persistentes&#8221;<\/strong>: Os segundos expiram dependendo de quando o prop\u00f3sito para o qual eles servem \u00e9 cumprido (por exemplo, para que o usu\u00e1rio permane\u00e7a identificado nos Servi\u00e7os) ou quando eles s\u00e3o exclu\u00eddos manualmente<span id=\"result_box\" lang=\"pt\">Os cookies, dependendo da sua perman\u00eancia, podem ser divididos em:<\/span><span id=\"result_box\" lang=\"pt\"><br \/>\nAl\u00e9m disso, dependendo do seu objetivo, os cookies podem ser classificados da seguinte forma:<\/span><\/p>\n<ul>\n<li><span id=\"result_box\" lang=\"pt\"><strong>Cookies de desempenho<\/strong>: esse tipo de cookie lembra suas prefer\u00eancias para as ferramentas encontradas nos servi\u00e7os, para que voc\u00ea n\u00e3o precise reconfigurar o servi\u00e7o sempre que visitar. Como exemplo, esta tipologia inclui:<br \/>\n<\/span><\/li>\n<li><span lang=\"pt\"><span lang=\"pt\">Configura\u00e7\u00f5es de volume de players de v\u00eddeo ou de som.<\/span><\/span><\/li>\n<li><span id=\"result_box\" lang=\"pt\">As velocidades de transmiss\u00e3o de v\u00eddeo compat\u00edveis com o seu navegador.<\/span><\/li>\n<\/ul>\n<p>&nbsp;<\/p>\n<ul>\n<li><span id=\"result_box\" lang=\"pt\"><strong>Cookies de geolocaliza\u00e7\u00e3o<\/strong>: esses cookies s\u00e3o usados para descobrir em qual pa\u00eds voc\u00ea est\u00e1 quando um servi\u00e7o \u00e9 solicitado. Este cookie \u00e9 completamente an\u00f4nimo e \u00e9 usado apenas para ajudar a orientar o conte\u00fado para sua localiza\u00e7\u00e3o.<\/span><\/li>\n<\/ul>\n<p>&nbsp;<\/p>\n<ul>\n<li><span id=\"result_box\" lang=\"pt\"><span title=\"Cookies de registro: Las Cookies de registro se generan una vez que el usuario se ha registrado o posteriormente ha abierto su sesi\u00f3n, y se utilizan para identificarle en los servicios con los siguientes objetivos: \"><strong>Cookies de registro<\/strong>: Os cookies de registro s\u00e3o gerados quando o usu\u00e1rio se registra ou subseq\u00fcentemente abre sua sess\u00e3o e s\u00e3o usados \u200b\u200bpara identific\u00e1-lo nos servi\u00e7os com os seguintes objetivos:<br \/>\n<\/span><\/span><\/p>\n<div class=\"trans-verified-button-small\" dir=\"ltr\"><\/div>\n<\/li>\n<li><span id=\"result_box\" lang=\"pt\">Manter o usu\u00e1rio identificado para que, se um servi\u00e7o, o navegador ou o computador fechar e outra vez ou outro dia entrar no servi\u00e7o novamente, ele permane\u00e7a identificado, facilitando sua navega\u00e7\u00e3o sem precisar se reidentificar. Essa funcionalidade pode ser suprimida se o usu\u00e1rio pressionar a funcionalidade &#8220;fechar sess\u00e3o&#8221;, para que esse cookie seja exclu\u00eddo e, na pr\u00f3xima vez em que entrar no servi\u00e7o, o usu\u00e1rio precisar\u00e1 efetuar login para ser identificado.<\/span><\/li>\n<\/ul>\n<p>&nbsp;<\/p>\n<ul>\n<li>\n<div id=\"gt-res-dir-ctr\" class=\"trans-verified-button-small\" dir=\"ltr\"><span id=\"result_box\" lang=\"pt\">Verifique se o usu\u00e1rio est\u00e1 autorizado a acessar determinados servi\u00e7os, por exemplo, para participar de um concurso.<\/span><\/div>\n<\/li>\n<\/ul>\n<p>&nbsp;<\/p>\n<ul>\n<li><strong><span title=\"Cookies anal\u00edticas: Cada vez que un Usuario visita un servicio, una herramienta de un proveedor externo genera una Cookie anal\u00edtica en el ordenador del usuario.\">Cookies anal\u00edticos: <\/span><\/strong><span title=\"Cookies anal\u00edticas: Cada vez que un Usuario visita un servicio, una herramienta de un proveedor externo genera una Cookie anal\u00edtica en el ordenador del usuario.\">cada vez que um usu\u00e1rio visita um servi\u00e7o, uma <\/span><span title=\"Cookies anal\u00edticas: Cada vez que un Usuario visita un servicio, una herramienta de un proveedor externo genera una Cookie anal\u00edtica en el ordenador del usuario.\">ferramenta de um provedor externo gera um cookie anal\u00edtico no computador do usu\u00e1rio. <\/span><span title=\"Esta Cookie que s\u00f3lo se genera en la visita, servir\u00e1 en pr\u00f3ximas visitas a los Servicios de la Web para identificar de forma an\u00f3nima al visitante.\">Este cookie que \u00e9 gerado apenas durante a visita, servir\u00e1 em futuras visitas aos Servi\u00e7os da Web para identificar o visitante anonimamente. <\/span><span title=\"Los objetivos principales que se persiguen son: \"><span title=\"Los objetivos principales que se persiguen son: \">Os principais objetivos que s\u00e3o perseguidos s\u00e3o:<\/span><\/span><span title=\"Permitir la identificaci\u00f3n an\u00f3nima de los usuarios navegantes a trav\u00e9s de la \u201cCookie\u201d (identifica navegadores y dispositivos, no personas) y por lo tanto la contabilizaci\u00f3n aproximada del n\u00famero de visitantes y su tendencia en el tiempo. \"><span title=\"Permitir la identificaci\u00f3n an\u00f3nima de los usuarios navegantes a trav\u00e9s de la \u201cCookie\u201d (identifica navegadores y dispositivos, no personas) y por lo tanto la contabilizaci\u00f3n aproximada del n\u00famero de visitantes y su tendencia en el tiempo. \">Permitir a identifica\u00e7\u00e3o an\u00f4nima de usu\u00e1rios navegantes atrav\u00e9s do &#8220;Cookie&#8221; (identifica navegadores e dispositivos, n\u00e3o pessoas) e, portanto, a contagem aproximada do n\u00famero de visitantes e sua tend\u00eancia ao longo do tempo.<\/span><\/span><span title=\"Identificar de forma an\u00f3nima los contenidos m\u00e1s visitados y por lo tanto m\u00e1s atractivos para los usuarios. \"><span title=\"Identificar de forma an\u00f3nima los contenidos m\u00e1s visitados y por lo tanto m\u00e1s atractivos para los usuarios. \">Identifique anonimamente o conte\u00fado mais visitado e, portanto, mais atraente para os usu\u00e1rios.<\/span><\/span><span title=\"Saber si el usuario que est\u00e1 accediendo es nuevo o repite visita. \"><span title=\"Saber si el usuario que est\u00e1 accediendo es nuevo o repite visita. \">Saiba se o usu\u00e1rio que est\u00e1 acessando \u00e9 novo ou repita a visita.<\/span><\/span><span title=\"Importante: Salvo que el usuario decida registrarse en un servicio de la Web, la \u201cCookie\u201d nunca ir\u00e1 asociada a ning\u00fan dato de car\u00e1cter personal que pueda identificarle.\">Importante: A menos que o usu\u00e1rio decida se registrar em um servi\u00e7o da Web, o &#8220;Cookie&#8221; nunca ser\u00e1 associado a nenhum dado pessoal que possa identific\u00e1-lo. <\/span><span title=\"Dichas Cookies s\u00f3lo ser\u00e1n utilizadas con prop\u00f3sitos estad\u00edsticos que ayuden a la optimizaci\u00f3n de la experiencia de los Usuarios en el sitio. \">Esses cookies ser\u00e3o usados \u200b\u200bapenas para fins estat\u00edsticos que ajudem a otimizar a experi\u00eancia dos usu\u00e1rios no site<\/span> .<\/li>\n<li><span id=\"result_box\" lang=\"pt\"><span title=\"Cookies de publicidad comportamental: Este tipo de \u201cCookies\u201d permite ampliar la informaci\u00f3n de los anuncios mostrados a cada usuario an\u00f3nimo en los Servicios de la Web.\"><strong>Cookies de publicidade comportamental<\/strong>: esse tipo de &#8220;Cookies&#8221; permite expandir as informa\u00e7\u00f5es dos an\u00fancios exibidos para cada usu\u00e1rio an\u00f4nimo nos Servi\u00e7os da Web. <\/span><span title=\"Entre otros, se almacena la duraci\u00f3n o frecuencia de visualizaci\u00f3n de posiciones publicitarias, la interacci\u00f3n con las mismas, o los patrones de navegaci\u00f3n y\/o compartimientos del usuario ya que ayudan a conformar un perfil de inter\u00e9s publicitario.\">Entre outros, \u00e9 armazenada a dura\u00e7\u00e3o ou a frequ\u00eancia de exibi\u00e7\u00e3o de posi\u00e7\u00f5es de publicidade, a intera\u00e7\u00e3o com eles, ou os padr\u00f5es de navega\u00e7\u00e3o e \/ ou compartimentos de usu\u00e1rios, \u00e0 medida que ajudam a moldar um perfil de interesse de publicidade. <\/span><span title=\"De este modo, permiten ofrecer publicidad af\u00edn a los intereses del usuario. \">Desta forma, eles permitem oferecer publicidade relacionada aos interesses do usuario.<\/span><\/span><\/li>\n<\/ul>\n<p>&nbsp;<\/p>\n<ul>\n<li><span lang=\"pt\"><span lang=\"pt\"><span title=\"De este modo, permiten ofrecer publicidad af\u00edn a los intereses del usuario. \">\u00a0<\/span><span title=\"Cookies publicitarias de terceros: Adem\u00e1s de la publicidad gestionada por la Web en sus Servicios, la Web ofrece a sus anunciantes la opci\u00f3n de servir anuncios a trav\u00e9s de terceros (\u201cAdServers\u201d).\"><strong>Cookies de publicidade de terceiros<\/strong>: Al\u00e9m da publicidade gerenciada pela Web em seus Servi\u00e7os, a Web oferece a seus anunciantes a op\u00e7\u00e3o de veicular an\u00fancios por meio de terceiros (&#8220;AdServers&#8221;). <\/span><span title=\"De este modo, estos terceros pueden almacenar Cookies enviadas desde los Servicios de la Web procedentes de los navegadores de los Usuarios, as\u00ed como acceder a los datos que en ellas se guardan. \">Dessa forma, esses terceiros podem armazenar Cookies enviados dos Servi\u00e7os Web dos navegadores dos Usu\u00e1rios, bem como acessar os dados armazenados nele.<\/span><\/span><\/span><\/li>\n<\/ul>\n<p>&nbsp;<\/p>\n<ul>\n<li>Weborama: <a href=\"http:\/\/www.weborama.com\/e-privacy\/our-commitment\/\">http:\/\/www.weborama.com\/e-privacy\/our-commitment<\/a><\/li>\n<\/ul>\n<p>&nbsp;<\/p>\n<div id=\"gt-res-dir-ctr\" class=\"trans-verified-button-small\" dir=\"ltr\" style=\"padding-left: 30px;\"><span id=\"result_box\" lang=\"pt\"><strong><span style=\"color: #ffcc00;\">3. Que cookies usamos?<\/span><\/strong><\/span><\/div>\n<div dir=\"ltr\"><\/div>\n<div class=\"trans-verified-button-small\" dir=\"ltr\"><span lang=\"pt\"><span lang=\"pt\"><br \/>\nOs cookies que usamos em nosso site s\u00e3o:<br \/>\nTerceiros: S\u00e3o aqueles que s\u00e3o enviados para o equipamento de terminal do usu\u00e1rio de um computador ou dom\u00ednio que n\u00e3o \u00e9 gerenciado pelo editor, mas por outra entidade que trata os dados obtidos por meio de cookies.<\/span><\/span><strong>Google Analytics:<\/strong><\/div>\n<p><a href=\"https:\/\/support.google.com\/analytics\/answer\/6004245?hl=es\">https:\/\/support.google.com\/analytics\/answer\/6004245?hl=es<\/a><\/p>\n<div id=\"gt-res-wrap\">\n<div id=\"gt-res-content\">\n<div dir=\"ltr\"><\/div>\n<div id=\"gt-res-dir-ctr\" class=\"trans-verified-button-small\" dir=\"ltr\" style=\"padding-left: 30px;\"><span id=\"result_box\" lang=\"pt\"><span style=\"color: #ffcc00;\"><strong>4. Como desabilitar os cookies?<\/strong><\/span><br \/>\n<\/span><\/div>\n<div class=\"trans-verified-button-small\" dir=\"ltr\"><span lang=\"pt\"><span lang=\"pt\"><br \/>\nGeralmente, \u00e9 poss\u00edvel parar de aceitar cookies do navegador ou parar de aceitar cookies de um determinado servi\u00e7o.<\/span><\/span>Todos os navegadores modernos permitem que voc\u00ea altere as configura\u00e7\u00f5es de Cookies. Essas configura\u00e7\u00f5es geralmente s\u00e3o encontradas no menu &#8220;op\u00e7\u00f5es&#8221; ou &#8220;prefer\u00eancias&#8221; do seu navegador. Al\u00e9m disso, voc\u00ea pode configurar seu navegador ou seu gerenciador de e-mail, bem como instalar complementos gratuitos para evitar o download de bugs da Web ao abrir um e-mail.<\/div>\n<\/div>\n<\/div>\n<p>&nbsp;<\/p>\n<p><span id=\"result_box\" lang=\"pt\">A Web oferece orienta\u00e7\u00e3o ao usu\u00e1rio sobre as etapas para acessar o menu de configura\u00e7\u00e3o dos cookies e, quando apropriado, a navega\u00e7\u00e3o privada em cada um dos principais navegadores:<br \/>\nInternet Explorer: Ferramentas -&gt; Op\u00e7\u00f5es da Internet -&gt; Privacidade -&gt; Configura\u00e7\u00e3o.<br \/>\nPara obter mais informa\u00e7\u00f5es, voc\u00ea pode consultar o suporte da Microsoft ou a Ajuda do navegador.<\/span><\/p>\n<p>&nbsp;<\/p>\n<ul>\n<li><span id=\"result_box\" lang=\"pt\"><strong>Firefox:<\/strong> Ferramentas -&gt; Op\u00e7\u00f5es -&gt; Privacidade -&gt; Hist\u00f3rico -&gt; Configura\u00e7\u00f5es Personalizadas.<\/span><\/li>\n<li><span id=\"result_box\" lang=\"pt\"><strong>Chrome:<\/strong> Configura\u00e7\u00f5es -&gt; Exibir op\u00e7\u00f5es avan\u00e7adas -&gt; Privacidade -&gt; Configura\u00e7\u00f5es de conte\u00fado.<\/span><\/li>\n<li><span id=\"result_box\" lang=\"pt\"><strong>Safari:<\/strong> Prefer\u00eancias -&gt; Seguran\u00e7a.<\/span><span id=\"result_box\" lang=\"pt\"><br \/>\n<\/span><span id=\"result_box\" lang=\"pt\"><\/span><span id=\"result_box\" lang=\"pt\">Para obter mais informa\u00e7\u00f5es, voc\u00ea pode verificar o suporte da Apple ou a Ajuda do navegador.<\/span><\/li>\n<\/ul>\n<p>&nbsp;<\/p>\n<p style=\"padding-left: 30px;\"><span id=\"result_box\" lang=\"pt\"><strong><span style=\"color: #ffcc00;\">5. As modifica\u00e7\u00f5es da Pol\u00edtica de Cookies podem ser produzidas?<\/span><\/strong><\/span><\/p>\n<p><span id=\"result_box\" lang=\"pt\"><br \/>\nO Site pode modificar esta Pol\u00edtica de Cookies, dependendo dos requisitos legais, regulamentos ou para adaptar esta pol\u00edtica \u00e0s instru\u00e7\u00f5es emitidas pela Ag\u00eancia Espanhola de Prote\u00e7\u00e3o de Dados, portanto, os usu\u00e1rios s\u00e3o aconselhados a visit\u00e1-la periodicamente.<\/span><\/p>\n<p>Quando houver mudan\u00e7as significativas nesta Pol\u00edtica de Cookies, os usu\u00e1rios ser\u00e3o informados atrav\u00e9s da web ou via e-mail para usu\u00e1rios registrados.<\/p>\n<p>&nbsp;<\/p>\n<p>&nbsp;<\/p>","protected":false},"excerpt":{"rendered":"<p>1 .O que s\u00e3o cookies? A teia da IBERTECH FORMACI\u00d3N S.L. (doravante a Web) usa Cookies. Cookies s\u00e3o arquivos enviados para um navegador por meio de um servidor da Web para registrar as atividades do usu\u00e1rio em um site espec\u00edfico. O primeiro objetivo dos Cookies \u00e9 fornecer ao usu\u00e1rio acesso mais r\u00e1pido aos servi\u00e7os selecionados. [&hellip;]<\/p>\n","protected":false},"author":1,"featured_media":0,"parent":0,"menu_order":0,"comment_status":"closed","ping_status":"closed","template":"page-fullwidth.php","meta":[],"wps_subtitle":"","acf":[],"_links":{"self":[{"href":"https:\/\/www.ibertech.org\/pt\/wp-json\/wp\/v2\/pages\/762"}],"collection":[{"href":"https:\/\/www.ibertech.org\/pt\/wp-json\/wp\/v2\/pages"}],"about":[{"href":"https:\/\/www.ibertech.org\/pt\/wp-json\/wp\/v2\/types\/page"}],"author":[{"embeddable":true,"href":"https:\/\/www.ibertech.org\/pt\/wp-json\/wp\/v2\/users\/1"}],"replies":[{"embeddable":true,"href":"https:\/\/www.ibertech.org\/pt\/wp-json\/wp\/v2\/comments?post=762"}],"version-history":[{"count":19,"href":"https:\/\/www.ibertech.org\/pt\/wp-json\/wp\/v2\/pages\/762\/revisions"}],"predecessor-version":[{"id":892,"href":"https:\/\/www.ibertech.org\/pt\/wp-json\/wp\/v2\/pages\/762\/revisions\/892"}],"wp:attachment":[{"href":"https:\/\/www.ibertech.org\/pt\/wp-json\/wp\/v2\/media?parent=762"}],"curies":[{"name":"wp","href":"https:\/\/api.w.org\/{rel}","templated":true}]}}