{"id":84,"date":"2017-10-22T10:06:21","date_gmt":"2017-10-22T10:06:21","guid":{"rendered":"http:\/\/www.ibertech.org\/?page_id=84"},"modified":"2022-03-02T12:15:20","modified_gmt":"2022-03-02T12:15:20","slug":"partners-2","status":"publish","type":"page","link":"https:\/\/www.ibertech.org\/pt\/partners-2\/","title":{"rendered":"Parceiros"},"content":{"rendered":"<p><\/p>\n<div class=\"col-md-3 partner\">\n<div class=\"col-md-12 nada borderfoto\"><img loading=\"lazy\" width=\"270\" height=\"176\" class=\"alignnone size-full wp-image-87 img-responsive\" src=\"http:\/\/www.ibertech.org\/wp-content\/uploads\/2017\/10\/partners_GE.png\" alt=\"partners_GE\" \/><\/div>\n<p><strong>General Electric Digital Energy: Solutions provider in certified training<\/strong> \u00e9 um dos nossos projetos mais ambiciosos na \u00e1rea da forma\u00e7\u00e3o. Um acordo para desenvolver e implementar um modelo oficial de treinamento global onde somos respons\u00e1veis pela concep\u00e7\u00e3o , manuten\u00e7\u00e3o, execu\u00e7\u00e3o e entrega de solu\u00e7\u00f5es de treinamento para a gama dos  produtos <strong>Smallworld<sup>TM<\/sup><\/strong>.<\/p>\n<\/div>\n<div class=\"col-md-3 partner\">\n<div class=\"col-md-12 nada borderfoto\"><img loading=\"lazy\" width=\"270\" height=\"176\" class=\"alignnone size-full wp-image-89 img-responsive\" src=\"http:\/\/www.ibertech.org\/wp-content\/uploads\/2017\/10\/partners_SAS.png\" alt=\"partners_SAS\" \/><\/div>\n<p>Em virtude do acordo com Sas n\u00f3s a  <strong>Ibertech<\/strong> estamos envolvidos na consultoria , projetos, implementa\u00e7\u00e3o , comissionamento e manuten\u00e7\u00e3o de seu portf\u00f3lio completo de solu\u00e7\u00f5es e ferramentas.<\/p>\n<p>Gra\u00e7as a este acordo a nossa experi\u00eancia em Data Management e Visualiza\u00e7\u00e3o est\u00e1 em  crescimento cont\u00ednuo<br \/>\n<a href=\"https:\/\/www.sas.com\/es_es\/software\/business-intelligence\/visual-analytics.html\" target=\"_blank\" rel=\"noopener\">VER MAIS<\/a><\/p>\n<\/div>\n<div class=\"col-md-3 partner\">\n<div class=\"col-md-12 nada borderfoto\"><img loading=\"lazy\" width=\"270\" height=\"176\" class=\"alignnone size-full wp-image-88 img-responsive\" src=\"http:\/\/www.ibertech.org\/wp-content\/uploads\/2017\/10\/partners_ORACLE.png\" alt=\"partners_ORACLE\" \/><\/div>\n<p>Na<strong> Ibertech<\/strong> somos parceiros da Oracle no Brasil desde 2014.<\/p>\n<p>Dentre os seus servi\u00e7os em<strong> Ibertech<\/strong> estamos capacitados em solu\u00e7\u00f5es de gest\u00e3o de ativos , expandindo nossa capacidade de oferecer a melhor solu\u00e7\u00e3o para qualquer necessidade de neg\u00f3cios dos nossos clientes.<\/div>\n<div class=\"col-md-3 partner\">\n<div class=\"col-md-12 nada borderfoto\"><img loading=\"lazy\" width=\"270\" height=\"176\" class=\"alignnone size-full wp-image-92 img-responsive\" src=\"http:\/\/www.ibertech.org\/wp-content\/uploads\/2017\/10\/partners_WS02.png\" alt=\"partners_WS02\" \/><\/div>\n<p>Na <strong>Ibertech <\/strong>desenvolvemos e implementamos arquiteturas orientadas a servi\u00e7os (SOA) usando o <strong>WSO2 ESB<\/strong>, que, juntamente com o resto de seus componentes fazem desta gama de mais de 20 produtos, um dos mais potentes e vers\u00e1tis do mercado.<\/p>\n<p>Uma ferramenta vers\u00e1til para um cen\u00e1rio em constante mudan\u00e7a,<br \/>\n<a href=\"http:\/\/wso2.com\/\" target=\"_blank\" rel=\"noopener\">VER MAIS<\/a><\/p>\n<\/div>\n<div class=\"abajo\"><\/div>\n<div class=\"col-md-3 partner\">\n<div class=\"col-md-12 nada borderfoto text-center\"><img loading=\"lazy\" width=\"141\" height=\"140\" class=\"alignnone size-full wp-image-93 img-responsive\" src=\"http:\/\/www.ibertech.org\/wp-content\/uploads\/2017\/10\/Logo-Orange.png\" alt=\"Logo Orange\" srcset=\"https:\/\/www.ibertech.org\/wp-content\/uploads\/2017\/10\/Logo-Orange.png 141w, https:\/\/www.ibertech.org\/wp-content\/uploads\/2017\/10\/Logo-Orange-60x60.png 60w\" sizes=\"(max-width: 141px) 100vw, 141px\" \/><\/div>\n<p>Baseado em nosso acordo com <strong>OrangeTM<\/strong>., Estamos dedicados ao tratamento de dados m\u00f3veis gerados pelo operador de telemarketing m\u00f3vel OrangeTM., contribuindo nossos conhecimento para os dados brutos de actividade recolhidos.<\/p>\n<p>Lidamos com a limpeza, processamento e visualiza\u00e7\u00e3o de dados para <strong>informa\u00e7\u00e3o segmentada e geoposicionamento<\/strong> que fornece grande valor para a tomada de decis\u00f5es.<\/div>\n<div class=\"col-md-3 partner\">\n<div class=\"col-md-12 nada borderfoto text-center\"><img loading=\"lazy\" width=\"174\" height=\"141\" class=\"alignnone size-full wp-image-94 img-responsive\" src=\"http:\/\/www.ibertech.org\/wp-content\/uploads\/2017\/10\/Logo-Vertica.png\" alt=\"Logo Vertica\" \/><\/div>\n<p>Em Virtude de nosso acordo com a <strong>Vertica<\/strong> em Ibertech dedicada \u00e0 implementa\u00e7\u00e3o de projectos relacionados com <strong>BBDD adaptado ao ambiente Big Data<\/strong>, onde as palavras desempenho, escalabilidade e analytics s\u00e3o essenciais.<\/p>\n<p>Com este acordo a nossa experi\u00eancia na \u00e1rea de Big Data, bancos de dados e <strong>an\u00e1lises em tempo real avan\u00e7ado<\/strong> continua a crescer.<\/div>\n<div class=\"col-md-3 partner\">\n<div class=\"col-md-12 nada borderfoto text-center\"><img loading=\"lazy\" width=\"270\" height=\"176\" class=\"alignnone size-full wp-image-95 img-responsive\" src=\"http:\/\/www.ibertech.org\/wp-content\/uploads\/2017\/10\/partners_ARROW.png\" alt=\"partners_ARROW\" \/><\/div>\n<p>Na<strong> Ibertech<\/strong> temos um acordo com a Arrow, servi\u00e7os de revendedores e solu\u00e7\u00f5es de empresas l\u00edderes no setor das TIC para a venda de solu\u00e7\u00f5es de Business Intelligence e infraestruturas associadas.<\/p>\n<\/div>\n<div class=\"col-md-3 partner\">\n<div class=\"col-md-12 nada borderfoto\"><img loading=\"lazy\" width=\"270\" height=\"176\" class=\"alignnone size-full wp-image-86 img-responsive\" src=\"http:\/\/www.ibertech.org\/wp-content\/uploads\/2017\/10\/partners_bonitasoft.png\" alt=\"partners_bonitasoft\" \/><\/div>\n<p>Gra\u00e7as ao acordo com a <strong>Bonita Soft<\/strong> a <strong>Ibertech<\/strong> desenvolveu  trabalhos de consultoria , implementa\u00e7\u00e3o e implanta\u00e7\u00e3o de solu\u00e7\u00f5es de BPM (Business Process Management) .<\/p>\n<p><a href=\"https:\/\/www.bonitasoft.com\/\" target=\"_blank\" rel=\"noopener\">VER MAIS<\/a><\/p>\n<\/div>\n<div class=\"abajo\"><\/div>\n<div class=\"col-md-3 partner\">\n<div class=\"col-md-12 nada borderfoto\"><img loading=\"lazy\" width=\"270\" height=\"176\" class=\"alignnone size-full wp-image-91 img-responsive\" src=\"http:\/\/www.ibertech.org\/wp-content\/uploads\/2017\/10\/partners_Symantec.png\" alt=\"partners_Symantec\" \/><\/div>\n<p>O acordo com a <strong>Symantec<\/strong> nos permite fornecer solu\u00e7\u00f5es de seguran\u00e7a com o l\u00edder mundial neste tipo de servi\u00e7o.<br \/>\nA Ibertech adicionou servi\u00e7os de consultoria e suporte para os produtos da <strong>Symantec<\/strong>.<\/p>\n<\/div>\n<div class=\"col-md-3 partner\">\n<div class=\"col-md-12 nada borderfoto\"><img loading=\"lazy\" width=\"270\" height=\"176\" src=\"https:\/\/www.ibertech.org\/wp-content\/uploads\/2017\/10\/ibm.png\" alt=\"ibm\" class=\"alignnone size-full wp-image-409 img-responsive\" \/><\/div>\n<p>Gra\u00e7as ao nosso acordo de parceria com a IBM, continuamos a crescer no caminho da an\u00e1lise.<br \/>\nTrabalhamos no campo da convers\u00e3o de dados em conhecimento com decis\u00f5es seguras e a\u00e7\u00f5es r\u00e1pidas atrav\u00e9s de funcionalidades de an\u00e1lise, servi\u00e7os e produtos da IBM.<\/p>\n<\/div>\n<div class=\"col-md-3 partner\">\n<div class=\"col-md-12 nada borderfoto\"><img loading=\"lazy\" width=\"270\" height=\"176\" src=\"https:\/\/www.ibertech.org\/wp-content\/uploads\/2017\/10\/estudioqusha.jpg\" alt=\"estudioqusha\" class=\"alignnone size-full wp-image-424 img-responsive\" \/><\/div>\n<p>Gra\u00e7as ao acordo com o Estudio Qusha, podemos gerenciar, tratar e melhorar a <a href=\"http:\/\/www.estudioqusha.com\">imagem da marca<\/a>, tanto on-line como off-line. Nos permite, tamb\u00e9m, melhorar nossas solu\u00e7\u00f5es de Marketing em ambientes de Transforma\u00e7\u00e3o Digital, tanto estrat\u00e9gicas quanto operacionais.<\/p>\n<\/div>\n<p><\/p>","protected":false},"excerpt":{"rendered":"<p>General Electric Digital Energy: Solutions provider in certified training \u00e9 um dos nossos projetos mais ambiciosos na \u00e1rea da forma\u00e7\u00e3o. Um acordo para desenvolver e implementar um modelo oficial de treinamento global onde somos respons\u00e1veis pela concep\u00e7\u00e3o , manuten\u00e7\u00e3o, execu\u00e7\u00e3o e entrega de solu\u00e7\u00f5es de treinamento para a gama dos produtos SmallworldTM. Em virtude do [&hellip;]<\/p>\n","protected":false},"author":1,"featured_media":0,"parent":0,"menu_order":0,"comment_status":"closed","ping_status":"closed","template":"page-partner.php","meta":[],"wps_subtitle":"En Ibertech hemos creado alianzas s\u00f3lidas con empresas que complementan y aumentan el valor a\u00f1adido de nuestros servicios. ","acf":[],"_links":{"self":[{"href":"https:\/\/www.ibertech.org\/pt\/wp-json\/wp\/v2\/pages\/84"}],"collection":[{"href":"https:\/\/www.ibertech.org\/pt\/wp-json\/wp\/v2\/pages"}],"about":[{"href":"https:\/\/www.ibertech.org\/pt\/wp-json\/wp\/v2\/types\/page"}],"author":[{"embeddable":true,"href":"https:\/\/www.ibertech.org\/pt\/wp-json\/wp\/v2\/users\/1"}],"replies":[{"embeddable":true,"href":"https:\/\/www.ibertech.org\/pt\/wp-json\/wp\/v2\/comments?post=84"}],"version-history":[{"count":88,"href":"https:\/\/www.ibertech.org\/pt\/wp-json\/wp\/v2\/pages\/84\/revisions"}],"predecessor-version":[{"id":1755,"href":"https:\/\/www.ibertech.org\/pt\/wp-json\/wp\/v2\/pages\/84\/revisions\/1755"}],"wp:attachment":[{"href":"https:\/\/www.ibertech.org\/pt\/wp-json\/wp\/v2\/media?parent=84"}],"curies":[{"name":"wp","href":"https:\/\/api.w.org\/{rel}","templated":true}]}}